{"id":98,"date":"2025-04-11T14:56:02","date_gmt":"2025-04-11T11:56:02","guid":{"rendered":"https:\/\/teknosec.com\/?page_id=98"},"modified":"2025-04-11T14:56:02","modified_gmt":"2025-04-11T11:56:02","slug":"insulin-injection-techniques-and-injection-sites","status":"publish","type":"page","link":"https:\/\/teknosec.com\/index.php\/insulin-injection-techniques-and-injection-sites\/","title":{"rendered":"\u0130ns\u00fclin Enjeksiyon Teknikleri ve Uygulama B\u00f6lgeleri"},"content":{"rendered":"\n<p>UYARI: EN \u0130Y\u0130 DENEY\u0130M \u0130\u00c7\u0130N EKRANI YAN \u00c7EV\u0130R\u0130P TAM EKRAN BUTONUNA BASINIZ.<\/p>\n","protected":false},"excerpt":{"rendered":"<p>UYARI: EN \u0130Y\u0130 DENEY\u0130M \u0130\u00c7\u0130N EKRANI YAN \u00c7EV\u0130R\u0130P TAM EKRAN BUTONUNA BASINIZ.<\/p>\n","protected":false},"author":1,"featured_media":0,"parent":0,"menu_order":0,"comment_status":"closed","ping_status":"closed","template":"","meta":{"footnotes":""},"class_list":["post-98","page","type-page","status-publish","hentry"],"_links":{"self":[{"href":"https:\/\/teknosec.com\/index.php\/wp-json\/wp\/v2\/pages\/98","targetHints":{"allow":["GET"]}}],"collection":[{"href":"https:\/\/teknosec.com\/index.php\/wp-json\/wp\/v2\/pages"}],"about":[{"href":"https:\/\/teknosec.com\/index.php\/wp-json\/wp\/v2\/types\/page"}],"author":[{"embeddable":true,"href":"https:\/\/teknosec.com\/index.php\/wp-json\/wp\/v2\/users\/1"}],"replies":[{"embeddable":true,"href":"https:\/\/teknosec.com\/index.php\/wp-json\/wp\/v2\/comments?post=98"}],"version-history":[{"count":0,"href":"https:\/\/teknosec.com\/index.php\/wp-json\/wp\/v2\/pages\/98\/revisions"}],"wp:attachment":[{"href":"https:\/\/teknosec.com\/index.php\/wp-json\/wp\/v2\/media?parent=98"}],"curies":[{"name":"wp","href":"https:\/\/api.w.org\/{rel}","templated":true}]}}