{"id":293,"date":"2025-06-02T13:39:30","date_gmt":"2025-06-02T10:39:30","guid":{"rendered":"https:\/\/teknosec.com\/?page_id=293"},"modified":"2025-06-02T13:39:30","modified_gmt":"2025-06-02T10:39:30","slug":"using-an-insulin-pump","status":"publish","type":"page","link":"https:\/\/teknosec.com\/index.php\/using-an-insulin-pump\/","title":{"rendered":"\u0130ns\u00fclin Pompas\u0131 Kullan\u0131m\u0131 ve Avantajlar\u0131"},"content":{"rendered":"\n<p>UYARI: EN \u0130Y\u0130 DENEY\u0130M \u0130\u00c7\u0130N EKRANI YAN \u00c7EV\u0130R\u0130P TAM EKRAN BUTONUNA BASINIZ.<\/p>\n","protected":false},"excerpt":{"rendered":"<p>UYARI: EN \u0130Y\u0130 DENEY\u0130M \u0130\u00c7\u0130N EKRANI YAN \u00c7EV\u0130R\u0130P TAM EKRAN BUTONUNA BASINIZ.<\/p>\n","protected":false},"author":1,"featured_media":0,"parent":0,"menu_order":0,"comment_status":"closed","ping_status":"closed","template":"","meta":{"footnotes":""},"class_list":["post-293","page","type-page","status-publish","hentry"],"_links":{"self":[{"href":"https:\/\/teknosec.com\/index.php\/wp-json\/wp\/v2\/pages\/293","targetHints":{"allow":["GET"]}}],"collection":[{"href":"https:\/\/teknosec.com\/index.php\/wp-json\/wp\/v2\/pages"}],"about":[{"href":"https:\/\/teknosec.com\/index.php\/wp-json\/wp\/v2\/types\/page"}],"author":[{"embeddable":true,"href":"https:\/\/teknosec.com\/index.php\/wp-json\/wp\/v2\/users\/1"}],"replies":[{"embeddable":true,"href":"https:\/\/teknosec.com\/index.php\/wp-json\/wp\/v2\/comments?post=293"}],"version-history":[{"count":0,"href":"https:\/\/teknosec.com\/index.php\/wp-json\/wp\/v2\/pages\/293\/revisions"}],"wp:attachment":[{"href":"https:\/\/teknosec.com\/index.php\/wp-json\/wp\/v2\/media?parent=293"}],"curies":[{"name":"wp","href":"https:\/\/api.w.org\/{rel}","templated":true}]}}