{"id":271,"date":"2025-06-02T12:35:30","date_gmt":"2025-06-02T09:35:30","guid":{"rendered":"https:\/\/teknosec.com\/?page_id=271"},"modified":"2025-06-02T12:35:30","modified_gmt":"2025-06-02T09:35:30","slug":"family-or-institutional-support","status":"publish","type":"page","link":"https:\/\/teknosec.com\/index.php\/family-or-institutional-support\/","title":{"rendered":"Aile veya Kurum Deste\u011fi"},"content":{"rendered":"\n<p>UYARI: EN \u0130Y\u0130 DENEY\u0130M \u0130\u00c7\u0130N EKRANI YAN \u00c7EV\u0130R\u0130P TAM EKRAN BUTONUNA BASINIZ.<\/p>\n","protected":false},"excerpt":{"rendered":"<p>UYARI: EN \u0130Y\u0130 DENEY\u0130M \u0130\u00c7\u0130N EKRANI YAN \u00c7EV\u0130R\u0130P TAM EKRAN BUTONUNA BASINIZ.<\/p>\n","protected":false},"author":1,"featured_media":0,"parent":0,"menu_order":0,"comment_status":"closed","ping_status":"closed","template":"","meta":{"footnotes":""},"class_list":["post-271","page","type-page","status-publish","hentry"],"_links":{"self":[{"href":"https:\/\/teknosec.com\/index.php\/wp-json\/wp\/v2\/pages\/271","targetHints":{"allow":["GET"]}}],"collection":[{"href":"https:\/\/teknosec.com\/index.php\/wp-json\/wp\/v2\/pages"}],"about":[{"href":"https:\/\/teknosec.com\/index.php\/wp-json\/wp\/v2\/types\/page"}],"author":[{"embeddable":true,"href":"https:\/\/teknosec.com\/index.php\/wp-json\/wp\/v2\/users\/1"}],"replies":[{"embeddable":true,"href":"https:\/\/teknosec.com\/index.php\/wp-json\/wp\/v2\/comments?post=271"}],"version-history":[{"count":0,"href":"https:\/\/teknosec.com\/index.php\/wp-json\/wp\/v2\/pages\/271\/revisions"}],"wp:attachment":[{"href":"https:\/\/teknosec.com\/index.php\/wp-json\/wp\/v2\/media?parent=271"}],"curies":[{"name":"wp","href":"https:\/\/api.w.org\/{rel}","templated":true}]}}