{"id":254,"date":"2025-06-02T12:25:11","date_gmt":"2025-06-02T09:25:11","guid":{"rendered":"https:\/\/teknosec.com\/?page_id=254"},"modified":"2025-06-02T12:25:11","modified_gmt":"2025-06-02T09:25:11","slug":"carbohydrate-counting-and-insulin-dosage-adjustment","status":"publish","type":"page","link":"https:\/\/teknosec.com\/index.php\/carbohydrate-counting-and-insulin-dosage-adjustment\/","title":{"rendered":"Karbonhidrat Say\u0131m\u0131 ve \u0130ns\u00fclin Doz Ayarlamas\u0131"},"content":{"rendered":"\n<p>UYARI: EN \u0130Y\u0130 DENEY\u0130M \u0130\u00c7\u0130N EKRANI YAN \u00c7EV\u0130R\u0130P TAM EKRAN BUTONUNA BASINIZ.<\/p>\n","protected":false},"excerpt":{"rendered":"<p>UYARI: EN \u0130Y\u0130 DENEY\u0130M \u0130\u00c7\u0130N EKRANI YAN \u00c7EV\u0130R\u0130P TAM EKRAN BUTONUNA BASINIZ.<\/p>\n","protected":false},"author":1,"featured_media":0,"parent":0,"menu_order":0,"comment_status":"closed","ping_status":"closed","template":"","meta":{"footnotes":""},"class_list":["post-254","page","type-page","status-publish","hentry"],"_links":{"self":[{"href":"https:\/\/teknosec.com\/index.php\/wp-json\/wp\/v2\/pages\/254","targetHints":{"allow":["GET"]}}],"collection":[{"href":"https:\/\/teknosec.com\/index.php\/wp-json\/wp\/v2\/pages"}],"about":[{"href":"https:\/\/teknosec.com\/index.php\/wp-json\/wp\/v2\/types\/page"}],"author":[{"embeddable":true,"href":"https:\/\/teknosec.com\/index.php\/wp-json\/wp\/v2\/users\/1"}],"replies":[{"embeddable":true,"href":"https:\/\/teknosec.com\/index.php\/wp-json\/wp\/v2\/comments?post=254"}],"version-history":[{"count":0,"href":"https:\/\/teknosec.com\/index.php\/wp-json\/wp\/v2\/pages\/254\/revisions"}],"wp:attachment":[{"href":"https:\/\/teknosec.com\/index.php\/wp-json\/wp\/v2\/media?parent=254"}],"curies":[{"name":"wp","href":"https:\/\/api.w.org\/{rel}","templated":true}]}}